{"id":11238,"date":"2024-12-13T12:10:49","date_gmt":"2024-12-13T11:10:49","guid":{"rendered":"https:\/\/iicdublino.esteri.it\/?page_id=11238"},"modified":"2025-06-05T12:08:28","modified_gmt":"2025-06-05T10:08:28","slug":"the-italian-book-club-spr-2025","status":"publish","type":"page","link":"https:\/\/iicdublino.esteri.it\/it\/lingua-e-cultura\/i-corsi-di-lingua\/sessioni-term-passati\/the-italian-book-club\/the-italian-book-club-spr-2025\/","title":{"rendered":"The Italian Book Club SPR 2025"},"content":{"rendered":"<p><img loading=\"lazy\" decoding=\"async\" class=\"img-fluid aligncenter wp-image-11315 size-large\" src=\"https:\/\/iicdublino.esteri.it\/wp-content\/uploads\/2024\/12\/Book-Club-def-spring-2025-1-724x1024.png\" alt=\"\" width=\"640\" height=\"905\" srcset=\"https:\/\/iicdublino.esteri.it\/wp-content\/uploads\/2024\/12\/Book-Club-def-spring-2025-1-724x1024.png 724w, https:\/\/iicdublino.esteri.it\/wp-content\/uploads\/2024\/12\/Book-Club-def-spring-2025-1-212x300.png 212w, https:\/\/iicdublino.esteri.it\/wp-content\/uploads\/2024\/12\/Book-Club-def-spring-2025-1-768x1086.png 768w, https:\/\/iicdublino.esteri.it\/wp-content\/uploads\/2024\/12\/Book-Club-def-spring-2025-1.png 1414w\" sizes=\"auto, (max-width: 640px) 100vw, 640px\" \/><\/p>\n<p>&nbsp;<\/p>\n<p>&nbsp;<\/p>\n<p><strong>Le iscrizioni sono chiuse<\/strong> perch\u00e8 la classe \u00e8 gi\u00e0 piena.<\/p>\n<p>Per qualsiasi domanda, scrivete a <strong>classes.iicdublino@esteri.it<\/strong><\/p>\n<p>&nbsp;<\/p>\n<hr \/>\n<p>Coordinato da\u00a0<strong>Enrica Maria Ferrara<\/strong>, l\u2019<strong>Italian Book Club<\/strong> guider\u00e0 i partecipanti nella lettura e analisi di quattro libri di autori italiani.<\/p>\n<p>Nel\u00a0<strong>primo incontro<\/strong>, il coordinatore introdurr\u00e0 il libro e fornir\u00e0 alcune informazioni sul suo autore. Poi, ogni partecipante avr\u00e0 la possibilit\u00e0 di leggere ad alta voce alcuni passaggi selezionati. Durante la lettura, il coordinatore evidenzier\u00e0 e spiegher\u00e0 aspetti grammaticali del libro preso in esame, la sua struttura linguistica e lessicale. I partecipanti saranno incoraggiati a fare domande sui punti del libro che hanno trovato pi\u00f9 interessanti nella lettura.<\/p>\n<p>Nel\u00a0<strong>secondo incontro<\/strong>, ogni partecipante verr\u00e0 incoraggiato a discutere del libro e il coordinatore guider\u00e0 la conversazione ponendo domande sui personaggi, sullo stile dell\u2019autore, sulla trama e infine sul significato dell\u2019intero libro.<\/p>\n<p>Il Book Club \u00e8 strutturato in\u00a0<strong>8\u00a0incontri<\/strong>\u00a0di due ore ciascuno, per un totale di\u00a0<strong>16 ore<\/strong>.<\/p>\n<p>Le classi avranno un minimo di 6 ad un massimo di 16 studenti.\u00a0<strong>Gli incontri saranno dal vivo<\/strong>, presso i locali dell\u2019Istituto, il mercoled\u00ec dalle 18:30 alle 20:30 nelle date specificate. A seguire trovate il programma completo del corso.<\/p>\n<p><strong>Incontri con uno o pi\u00f9 scrittori i cui libri sono stati selezionati per il Club del Libro saranno organizzati dall\u2019Istituto Italiano di Cultura.<\/strong><\/p>\n<p>&nbsp;<\/p>\n<p><strong>The Italian Book Club SPRING 2025 \u2013 Programma di libri e autori\u00a0<\/strong><\/p>\n<p><em>Tutti gli incontri si svolgeranno dalle 18:30 alle 20:30, nelle date specificate<\/em><\/p>\n<p>&nbsp;<\/p>\n<p><span style=\"text-decoration: underline;\"><strong>PROGRAMMA<\/strong><\/span><\/p>\n<p>&nbsp;<\/p>\n<p>5 e 19 febbraio 2025<\/p>\n<p><strong>Franco Faggiani<\/strong>, <em>L&#8217;inventario delle nuvole<\/em>, Fazi (2023)<\/p>\n<p>&nbsp;<\/p>\n<p>19 marzo e 2 aprile 2025<\/p>\n<p><strong>Cristina Battocletti<\/strong>, <em>Epigenetica<\/em>, La Nave di Teseo (2023)<\/p>\n<p>&nbsp;<\/p>\n<p>30 aprile e 14 maggio 2025<\/p>\n<p><strong>Claudia Durastanti<\/strong>, <em>Missitalia<\/em>, La Nave di Teseo (2024)<\/p>\n<p>&nbsp;<\/p>\n<p>28 maggio e 11 giugno 2025<\/p>\n<p><strong>Matteo Bussola<\/strong>, <em>La neve in fondo al mare<\/em>, Einaudi (2024)<\/p>\n<p>&nbsp;<\/p>\n<hr \/>\n<p><span style=\"text-decoration: underline;\"><strong>COSTO<\/strong><\/span><\/p>\n<p>Nuovi partecipanti: <strong>\u20ac200<\/strong>.<br \/>\n<strong>10% di sconto per ex-partecipanti, studenti dell\u2019IIC, studenti a tempo pieno e pensionati.<\/strong><\/p>\n<p><strong>Iscrizioni aperte dal 16 dicembre 2024 al 2 febbraio 2025.<\/strong><\/p>\n","protected":false},"excerpt":{"rendered":"&nbsp; &nbsp; Le iscrizioni sono chiuse perch\u00e8 la classe \u00e8 gi\u00e0 piena. Per qualsiasi domanda, scrivete a classes.iicdublino@esteri.it &nbsp; Coordinato da\u00a0Enrica Maria Ferrara, l\u2019Italian Book Club guider\u00e0 i partecipanti nella lettura e analisi di quattro libri di autori italiani. Nel\u00a0primo incontro, il coordinatore introdurr\u00e0 il libro e fornir\u00e0 alcune informazioni sul suo autore. Poi, ogni [&hellip;]","protected":false},"author":3,"featured_media":0,"parent":2364,"menu_order":1,"comment_status":"closed","ping_status":"closed","template":"","meta":{"footnotes":""},"class_list":["post-11238","page","type-page","status-publish","hentry"],"_links":{"self":[{"href":"https:\/\/iicdublino.esteri.it\/it\/wp-json\/wp\/v2\/pages\/11238","targetHints":{"allow":["GET"]}}],"collection":[{"href":"https:\/\/iicdublino.esteri.it\/it\/wp-json\/wp\/v2\/pages"}],"about":[{"href":"https:\/\/iicdublino.esteri.it\/it\/wp-json\/wp\/v2\/types\/page"}],"author":[{"embeddable":true,"href":"https:\/\/iicdublino.esteri.it\/it\/wp-json\/wp\/v2\/users\/3"}],"replies":[{"embeddable":true,"href":"https:\/\/iicdublino.esteri.it\/it\/wp-json\/wp\/v2\/comments?post=11238"}],"version-history":[{"count":7,"href":"https:\/\/iicdublino.esteri.it\/it\/wp-json\/wp\/v2\/pages\/11238\/revisions"}],"predecessor-version":[{"id":11837,"href":"https:\/\/iicdublino.esteri.it\/it\/wp-json\/wp\/v2\/pages\/11238\/revisions\/11837"}],"up":[{"embeddable":true,"href":"https:\/\/iicdublino.esteri.it\/it\/wp-json\/wp\/v2\/pages\/2364"}],"wp:attachment":[{"href":"https:\/\/iicdublino.esteri.it\/it\/wp-json\/wp\/v2\/media?parent=11238"}],"curies":[{"name":"wp","href":"https:\/\/api.w.org\/{rel}","templated":true}]}}