{"id":15728,"date":"2025-07-30T12:44:27","date_gmt":"2025-07-30T10:44:27","guid":{"rendered":"https:\/\/iicdublino.esteri.it\/?page_id=15728"},"modified":"2025-09-11T17:25:29","modified_gmt":"2025-09-11T15:25:29","slug":"the-italian-book-club-aut-2025","status":"publish","type":"page","link":"https:\/\/iicdublino.esteri.it\/it\/lingua-e-cultura\/i-corsi-di-lingua\/sessioni-term-passati\/the-italian-book-club\/the-italian-book-club-aut-2025\/","title":{"rendered":"The Italian Book Club AUTUNNO 2025"},"content":{"rendered":"<p><img loading=\"lazy\" decoding=\"async\" class=\"img-fluid aligncenter wp-image-16598 size-large\" src=\"https:\/\/iicdublino.esteri.it\/wp-content\/uploads\/2025\/09\/BOOK-CLUB-A4-PNG-724x1024.jpg\" alt=\"\" width=\"640\" height=\"905\" srcset=\"https:\/\/iicdublino.esteri.it\/wp-content\/uploads\/2025\/09\/BOOK-CLUB-A4-PNG-724x1024.jpg 724w, https:\/\/iicdublino.esteri.it\/wp-content\/uploads\/2025\/09\/BOOK-CLUB-A4-PNG-212x300.jpg 212w, https:\/\/iicdublino.esteri.it\/wp-content\/uploads\/2025\/09\/BOOK-CLUB-A4-PNG-768x1086.jpg 768w, https:\/\/iicdublino.esteri.it\/wp-content\/uploads\/2025\/09\/BOOK-CLUB-A4-PNG.jpg 1414w\" sizes=\"auto, (max-width: 640px) 100vw, 640px\" \/><\/p>\n<p>&nbsp;<\/p>\n<p>Coordinato da\u00a0<strong>Enrica Maria Ferrara<\/strong>, l\u2019<strong>Italian Book Club<\/strong> guider\u00e0 i partecipanti nella lettura e analisi di quattro libri di autori italiani.<\/p>\n<p>Nel\u00a0<strong>primo incontro<\/strong>, il coordinatore introdurr\u00e0 il libro e fornir\u00e0 alcune informazioni sul suo autore. Poi, ogni partecipante avr\u00e0 la possibilit\u00e0 di leggere ad alta voce alcuni passaggi selezionati. Durante la lettura, il coordinatore evidenzier\u00e0 e spiegher\u00e0 aspetti grammaticali del libro preso in esame, la sua struttura linguistica e lessicale. I partecipanti saranno incoraggiati a fare domande sui punti del libro che hanno trovato pi\u00f9 interessanti nella lettura.<\/p>\n<p>Nel\u00a0<strong>secondo incontro<\/strong>, ogni partecipante verr\u00e0 incoraggiato a discutere del libro e il coordinatore guider\u00e0 la conversazione ponendo domande sui personaggi, sullo stile dell\u2019autore, sulla trama e infine sul significato dell\u2019intero libro.<\/p>\n<p>Il Book Club \u00e8 strutturato in\u00a0<strong>8\u00a0incontri<\/strong>\u00a0di due ore ciascuno, per un totale di\u00a0<strong>16 ore<\/strong>.<\/p>\n<p>Le classi avranno un minimo di 6 ad un massimo di 16 studenti.\u00a0<strong>Gli incontri saranno dal vivo<\/strong>, presso i locali dell\u2019Istituto, dalle 18:30 alle 20:30 nelle date specificate. A seguire trovate il programma completo del corso.<\/p>\n<p><strong>Incontri con uno o pi\u00f9 scrittori i cui libri sono stati selezionati per il Club del Libro saranno organizzati dall\u2019Istituto Italiano di Cultura.<\/strong><\/p>\n<p>&nbsp;<\/p>\n<p><span style=\"text-decoration: underline;\"><strong>PROGRAMMA<\/strong><\/span><\/p>\n<p><strong>The Italian Book Club AUTUNNO 2025\u00a0<\/strong><\/p>\n<p><em>Tutti gli incontri si svolgeranno dalle 18:30 alle 20:30, nelle date specificate<\/em><\/p>\n<p><strong>Si prega di notare che <span style=\"text-decoration: underline;\">il primo incontro sar\u00e0 di gioved\u00ec<\/span>, mentre il resto degli incontri avverr\u00e0 di mercoled\u00ec.<\/strong><\/p>\n<p>&nbsp;<\/p>\n<p><span style=\"text-decoration: underline;\"><strong>Gioved\u00ec<\/strong> <\/span>18 Settembre e mercoled\u00ec 8 ottobre 2025<\/p>\n<p><strong>Alessandro Baricco<\/strong>,\u00a0<em>Abel<\/em>, Feltrinelli (2023)<\/p>\n<p>&nbsp;<\/p>\n<p>Mercoled\u00ec 22 ottobre e 5 novembre<\/p>\n<p><strong>Chiara Mezzalama<\/strong>, <em>L&#8217;inadatta<\/em>, Nutrimenti (2024)<\/p>\n<p>&nbsp;<\/p>\n<p>Mercoled\u00ec 26 novembre e 10 dicembre<\/p>\n<p><strong>Nadia Terranova<\/strong>, <em>Quello che so di te<\/em>, Guanda (2024)<\/p>\n<p>&nbsp;<\/p>\n<p>Mercoled\u00ec 14 gennaio e 28 gennaio 2026<\/p>\n<p><strong>Monica Pareschi<\/strong>, <em>Inverness<\/em>, Alessandro Polidoro Editore (2024)<\/p>\n<hr \/>\n<p>I libri del Book Club possono essere acquistati online o presso la libreria <a href=\"https:\/\/www.internationalbooks.ie\/\">International Books<\/a>, 18 South Frederick St, D2 (uno sconto del 10% \u00e8 riservato ai nostri studenti).<\/p>\n<p>Per gli acquisti online sul sito di <a href=\"https:\/\/www.internationalbooks.ie\/\">International Books <\/a> il codice sconto da utilizzare \u00e8: <strong>iicdublinostud2025<\/strong><\/p>\n<hr \/>\n<p><span style=\"text-decoration: underline;\"><strong>COSTO<\/strong><\/span><\/p>\n<p>Nuovi partecipanti: <strong>\u20ac200<\/strong>.<br \/>\n<strong>10% di sconto per ex-partecipanti, studenti dell\u2019IIC, studenti a tempo pieno e pensionati.<\/strong><\/p>\n<p>&nbsp;<\/p>\n<hr \/>\n<h4><\/h4>\n<p>Per qualsiasi domanda, si prega di scrivere una mail a<strong>\u00a0classes.iicdublino@esteri.it<\/strong><\/p>\n<p>Si prega di notare che l&#8217;opzione \u201cGuest\u201d \u00e8 riservata agli impiegati di altri istituti culturali ed \u00e8 necessario presentare relativa documentazione<\/p>\n<p>Prima di iscriversi, si prega di leggere attentamente le nostre <a href=\"https:\/\/iicdublino.esteri.it\/it\/lingua-e-cultura\/i-corsi-di-lingua\/condizioni-generali-iscrizioni-corsi\/\">Condizioni generali \u2013 Iscrizioni corsi<\/a>\u00a0.<\/p>\n","protected":false},"excerpt":{"rendered":"&nbsp; Coordinato da\u00a0Enrica Maria Ferrara, l\u2019Italian Book Club guider\u00e0 i partecipanti nella lettura e analisi di quattro libri di autori italiani. Nel\u00a0primo incontro, il coordinatore introdurr\u00e0 il libro e fornir\u00e0 alcune informazioni sul suo autore. Poi, ogni partecipante avr\u00e0 la possibilit\u00e0 di leggere ad alta voce alcuni passaggi selezionati. Durante la lettura, il coordinatore evidenzier\u00e0 [&hellip;]","protected":false},"author":3,"featured_media":0,"parent":2364,"menu_order":0,"comment_status":"closed","ping_status":"closed","template":"","meta":{"footnotes":""},"class_list":["post-15728","page","type-page","status-publish","hentry"],"_links":{"self":[{"href":"https:\/\/iicdublino.esteri.it\/it\/wp-json\/wp\/v2\/pages\/15728","targetHints":{"allow":["GET"]}}],"collection":[{"href":"https:\/\/iicdublino.esteri.it\/it\/wp-json\/wp\/v2\/pages"}],"about":[{"href":"https:\/\/iicdublino.esteri.it\/it\/wp-json\/wp\/v2\/types\/page"}],"author":[{"embeddable":true,"href":"https:\/\/iicdublino.esteri.it\/it\/wp-json\/wp\/v2\/users\/3"}],"replies":[{"embeddable":true,"href":"https:\/\/iicdublino.esteri.it\/it\/wp-json\/wp\/v2\/comments?post=15728"}],"version-history":[{"count":7,"href":"https:\/\/iicdublino.esteri.it\/it\/wp-json\/wp\/v2\/pages\/15728\/revisions"}],"predecessor-version":[{"id":16607,"href":"https:\/\/iicdublino.esteri.it\/it\/wp-json\/wp\/v2\/pages\/15728\/revisions\/16607"}],"up":[{"embeddable":true,"href":"https:\/\/iicdublino.esteri.it\/it\/wp-json\/wp\/v2\/pages\/2364"}],"wp:attachment":[{"href":"https:\/\/iicdublino.esteri.it\/it\/wp-json\/wp\/v2\/media?parent=15728"}],"curies":[{"name":"wp","href":"https:\/\/api.w.org\/{rel}","templated":true}]}}