{"id":2364,"date":"2023-10-17T13:08:39","date_gmt":"2023-10-17T11:08:39","guid":{"rendered":"https:\/\/iicdublino.esteri.it\/?page_id=2364"},"modified":"2026-01-21T11:26:38","modified_gmt":"2026-01-21T10:26:38","slug":"the-italian-book-club","status":"publish","type":"page","link":"https:\/\/iicdublino.esteri.it\/it\/lingua-e-cultura\/i-corsi-di-lingua\/sessioni-term-passati\/the-italian-book-club\/","title":{"rendered":"The Italian Book Club"},"content":{"rendered":"<p>Coordinato da\u00a0<strong>Enrica Maria Ferrara<\/strong>, l&#8217;<strong>Italian Book Club<\/strong> guider\u00e0 i partecipanti nella lettura e analisi di <strong>3 o 4 libri di autori italiani. <\/strong><a href=\"https:\/\/iicdublino.esteri.it\/it\/lingua-e-cultura\/i-corsi-di-lingua\/the-italian-book-club\/the-italian-book-club-aut-2025\/\"><strong>Clicca qui per le informazioni sui prossimi incontri!<\/strong><\/a><\/p>\n<p>Nel primo incontro, il coordinatore introdurr\u00e0 il libro e fornir\u00e0 alcune informazioni sul suo autore. Poi, ogni partecipante avr\u00e0 la possibilit\u00e0 di leggere ad alta voce alcuni passaggi selezionati. Durante la lettura, il coordinatore evidenzier\u00e0 e spiegher\u00e0 aspetti grammaticali del libro preso in esame, la sua struttuta linguistica e lessicale. A questo punto, i partecipanti saranno incoraggiati a fare domande sui punti del libro che hanno trovato pi\u00f9 interessanti nella lettura.<\/p>\n<p>Nel secondo incontro, ogni partecipante verr\u00e0 incoraggiato a discutere del libro e il coordinatore guider\u00e0 la conversazione ponendo domande sui personaggi, sullo stile dell&#8217;autore, sulla trama e infine sul significato dell&#8217;intero libro.<\/p>\n<p><span class=\"titoloRosso\">Le classi comprenderanno da un minimo di 6 ad un massimo di 16 studenti. <strong>Gli incontri saranno dal vivo<\/strong>, presso i locali dell&#8217;Istituto.<br \/>\n<\/span><\/p>\n<p>Incontri con uno o pi\u00f9 scrittori i cui libri sono stati selezionati per il Club del Libro saranno organizzati dall&#8217;Istituto Italiano di Cultura.<\/p>\n","protected":false},"excerpt":{"rendered":"Coordinato da\u00a0Enrica Maria Ferrara, l&#8217;Italian Book Club guider\u00e0 i partecipanti nella lettura e analisi di 3 o 4 libri di autori italiani. Clicca qui per le informazioni sui prossimi incontri! Nel primo incontro, il coordinatore introdurr\u00e0 il libro e fornir\u00e0 alcune informazioni sul suo autore. Poi, ogni partecipante avr\u00e0 la possibilit\u00e0 di leggere ad alta [&hellip;]","protected":false},"author":3,"featured_media":0,"parent":7454,"menu_order":6,"comment_status":"closed","ping_status":"closed","template":"","meta":{"footnotes":""},"class_list":["post-2364","page","type-page","status-publish","hentry"],"_links":{"self":[{"href":"https:\/\/iicdublino.esteri.it\/it\/wp-json\/wp\/v2\/pages\/2364","targetHints":{"allow":["GET"]}}],"collection":[{"href":"https:\/\/iicdublino.esteri.it\/it\/wp-json\/wp\/v2\/pages"}],"about":[{"href":"https:\/\/iicdublino.esteri.it\/it\/wp-json\/wp\/v2\/types\/page"}],"author":[{"embeddable":true,"href":"https:\/\/iicdublino.esteri.it\/it\/wp-json\/wp\/v2\/users\/3"}],"replies":[{"embeddable":true,"href":"https:\/\/iicdublino.esteri.it\/it\/wp-json\/wp\/v2\/comments?post=2364"}],"version-history":[{"count":6,"href":"https:\/\/iicdublino.esteri.it\/it\/wp-json\/wp\/v2\/pages\/2364\/revisions"}],"predecessor-version":[{"id":15774,"href":"https:\/\/iicdublino.esteri.it\/it\/wp-json\/wp\/v2\/pages\/2364\/revisions\/15774"}],"up":[{"embeddable":true,"href":"https:\/\/iicdublino.esteri.it\/it\/wp-json\/wp\/v2\/pages\/7454"}],"wp:attachment":[{"href":"https:\/\/iicdublino.esteri.it\/it\/wp-json\/wp\/v2\/media?parent=2364"}],"curies":[{"name":"wp","href":"https:\/\/api.w.org\/{rel}","templated":true}]}}