{"id":2370,"date":"2023-10-17T13:17:47","date_gmt":"2023-10-17T11:17:47","guid":{"rendered":"https:\/\/iicdublino.esteri.it\/?page_id=2370"},"modified":"2025-07-30T12:48:15","modified_gmt":"2025-07-30T10:48:15","slug":"the-italian-book-club-spr-2023","status":"publish","type":"page","link":"https:\/\/iicdublino.esteri.it\/it\/lingua-e-cultura\/i-corsi-di-lingua\/sessioni-term-passati\/the-italian-book-club\/the-italian-book-club-spr-2023\/","title":{"rendered":"The Italian Book Club SPR 2023"},"content":{"rendered":"<p>Coordinato da\u00a0<strong>Enrica Maria Ferrara<\/strong>, l&#8217;<strong>Italian Book Club<\/strong>\u00a0aiuter\u00e0 i partecipanti a leggere e analizzare\u00a0<strong>4 libri di autori italiani<\/strong>.<\/p>\n<p>Nel primo incontro, il coordinatore introdurr\u00e0 il libro e fornir\u00e0 alcune informazioni sul suo autore. Poi, ogni partecipante avr\u00e0 la possibilit\u00e0 di leggere ad alta voce alcuni passaggi selezionati. Durante la lettura, il coordinatore evidenzier\u00e0 e spiegher\u00e0 aspetti grammaticali del libro preso in esame, la sua struttuta linguistica e lessicale. A questo punto, i partecipanti saranno incoraggiati a fare domande sui punti del libro che hanno trovato pi\u00f9 interessanti nella lettura.<\/p>\n<p>Nel secondo incontro, ogni partecipante verr\u00e0 incoraggiato a discutere del libro e il coordinatore guider\u00e0 la conversazione ponendo domande sui personaggi, sullo stile dell&#8217;autore, sulla trama e infine sul significato dell&#8217;intero libro.<\/p>\n<p>Il Book Club \u00e8 strutturato in 8 incontri di due ore ciascuno, per un totale di\u00a0<strong>16 ore<\/strong>.<br \/>\nLe classi comprenderanno da un minimo di 6 ad un massimo di 16 studenti.\u00a0<strong>Gli incontri saranno dal vivo<\/strong>, presso i locali dell&#8217;Istituto.<\/p>\n<p>Incontri con uno o pi\u00f9 scrittori i cui libri sono stati selezionati per il Club del Libro saranno organizzati dall&#8217;Istituto Italiano di Cultura.<\/p>\n<p>Nuovi partecipanti:\u00a0<strong>\u20ac200.<\/strong><br \/>\n<strong>10% di sconto per ex-partecipanti, studenti dell&#8217;IIC, studenti a tempo pieno e pensionati.<\/strong><\/p>\n<p>Gli incontri del Book Club si svolgeranno in Istituto di mercoled\u00ec, dalle 18:30 alle 20:30, dal 15 febbraio al 31 maggio 2023.<\/p>\n<p><strong>Iscrizioni aperte fino al 10 Febbraio 2023.<br \/>\n<\/strong><\/p>\n<p>&nbsp;<\/p>\n<p><strong>Programma libri ed autori SPRING 2023<\/strong><\/p>\n<p>Tutti gli incontri si svolgeranno dalle 18:30 alle 20:30, nelle date specificate.<\/p>\n<p>&nbsp;<\/p>\n<p>15 febbraio e 1 marzo 2023<\/p>\n<p><strong>Claudia Durastanti<\/strong>,\u00a0<em>La straniera<\/em>, La Nave di Teseo, 2019<\/p>\n<p>&nbsp;<\/p>\n<p>15 marzo e 5 aprile 2023<\/p>\n<p><strong>Stiliana Milkova,\u00a0<\/strong><em>Storia delle prime volte<\/em>, Voland, 2022<\/p>\n<p>&nbsp;<\/p>\n<p>19 aprile e 3 maggio 2023<\/p>\n<p><strong>Catherine Dunne<\/strong>,\u00a0<em>Una buona madre<\/em>, tradotto da Ada Arduini, Guanda, 2022<\/p>\n<p>&nbsp;<\/p>\n<p>17 maggio e 31 maggio 2023<\/p>\n<p><strong>Viola Ardone<\/strong>,\u00a0<em>Il treno dei bambini<\/em>, Einaudi, 2019<\/p>\n","protected":false},"excerpt":{"rendered":"Coordinato da\u00a0Enrica Maria Ferrara, l&#8217;Italian Book Club\u00a0aiuter\u00e0 i partecipanti a leggere e analizzare\u00a04 libri di autori italiani. Nel primo incontro, il coordinatore introdurr\u00e0 il libro e fornir\u00e0 alcune informazioni sul suo autore. Poi, ogni partecipante avr\u00e0 la possibilit\u00e0 di leggere ad alta voce alcuni passaggi selezionati. Durante la lettura, il coordinatore evidenzier\u00e0 e spiegher\u00e0 aspetti [&hellip;]","protected":false},"author":3,"featured_media":0,"parent":2364,"menu_order":5,"comment_status":"closed","ping_status":"closed","template":"","meta":{"footnotes":""},"class_list":["post-2370","page","type-page","status-publish","hentry"],"_links":{"self":[{"href":"https:\/\/iicdublino.esteri.it\/it\/wp-json\/wp\/v2\/pages\/2370","targetHints":{"allow":["GET"]}}],"collection":[{"href":"https:\/\/iicdublino.esteri.it\/it\/wp-json\/wp\/v2\/pages"}],"about":[{"href":"https:\/\/iicdublino.esteri.it\/it\/wp-json\/wp\/v2\/types\/page"}],"author":[{"embeddable":true,"href":"https:\/\/iicdublino.esteri.it\/it\/wp-json\/wp\/v2\/users\/3"}],"replies":[{"embeddable":true,"href":"https:\/\/iicdublino.esteri.it\/it\/wp-json\/wp\/v2\/comments?post=2370"}],"version-history":[{"count":1,"href":"https:\/\/iicdublino.esteri.it\/it\/wp-json\/wp\/v2\/pages\/2370\/revisions"}],"predecessor-version":[{"id":2371,"href":"https:\/\/iicdublino.esteri.it\/it\/wp-json\/wp\/v2\/pages\/2370\/revisions\/2371"}],"up":[{"embeddable":true,"href":"https:\/\/iicdublino.esteri.it\/it\/wp-json\/wp\/v2\/pages\/2364"}],"wp:attachment":[{"href":"https:\/\/iicdublino.esteri.it\/it\/wp-json\/wp\/v2\/media?parent=2370"}],"curies":[{"name":"wp","href":"https:\/\/api.w.org\/{rel}","templated":true}]}}