{"id":2375,"date":"2023-10-17T13:23:05","date_gmt":"2023-10-17T11:23:05","guid":{"rendered":"https:\/\/iicdublino.esteri.it\/?page_id=2375"},"modified":"2025-07-30T12:47:59","modified_gmt":"2025-07-30T10:47:59","slug":"the-italian-book-club-aut-2023","status":"publish","type":"page","link":"https:\/\/iicdublino.esteri.it\/it\/lingua-e-cultura\/i-corsi-di-lingua\/sessioni-term-passati\/the-italian-book-club\/the-italian-book-club-aut-2023\/","title":{"rendered":"The Italian Book Club AUT 2023"},"content":{"rendered":"<p>4Coordinato da <strong>Enrica Maria Ferrara<\/strong>, l&#8217;<strong>Italian Book Club<\/strong>\u00a0guider\u00e0 i partecipanti nella lettura e analisi di 4 libri di autori italiani.<\/p>\n<p>Nel primo incontro, il coordinatore introdurr\u00e0 il libro e fornir\u00e0 alcune informazioni sul suo autore. Poi, ogni partecipante avr\u00e0 la possibilit\u00e0 di leggere ad alta voce alcuni passaggi selezionati. Durante la lettura, il coordinatore evidenzier\u00e0 e spiegher\u00e0 aspetti grammaticali del libro preso in esame, la sua struttuta linguistica e lessicale. A questo punto, i partecipanti saranno incoraggiati a fare domande sui punti del libro che hanno trovato pi\u00f9 interessanti nella lettura.<\/p>\n<p>Nel secondo incontro, ogni partecipante verr\u00e0 incoraggiato a discutere del libro e il coordinatore guider\u00e0 la conversazione ponendo domande sui personaggi, sullo stile dell&#8217;autore, sulla trama e infine sul significato dell&#8217;intero libro.<\/p>\n<p>Il Book Club \u00e8 strutturato in 8 incontri di due ore ciascuno, per un totale di\u00a0<strong>16 ore<\/strong>.<br \/>\nLe classi comprenderanno da un minimo di 6 ad un massimo di 16 studenti.\u00a0<strong>Gli incontri saranno dal vivo<\/strong>, presso i locali dell&#8217;Istituto.<\/p>\n<p>Incontri con uno o pi\u00f9 scrittori i cui libri sono stati selezionati per il Club del Libro saranno organizzati dall&#8217;Istituto Italiano di Cultura.<\/p>\n<p>Nuovi partecipanti:\u00a0<strong>\u20ac200<\/strong>.<br \/>\n<strong>10% di sconto per ex-partecipanti, studenti dell&#8217;IIC, studenti a tempo pieno e pensionati.<\/strong><\/p>\n<p>Gli incontri del Book Club si svolgeranno in Istituto di mercoled\u00ec, dalle 18:30 alle 20:30, tra il 20 settembre 2023 e il 24 gennaio 2024.<\/p>\n<p>&nbsp;<\/p>\n<p><strong>Iscrizioni aperte dal 1 agosto fino al 15 settembre 2023. Le iscrizioni sono adesso chiuse.<\/strong><\/p>\n<p>&nbsp;<\/p>\n<p><strong>Programma libri ed autori &#8220;The Italian Book Club AUT 2023&#8221;<\/strong><\/p>\n<p><em>Tutti gli incontri si svolgeranno dalle 18:30 alle 20:30, nelle date specificate.<\/em><\/p>\n<p><a href=\"https:\/\/iicdublino.esteri.it\/wp-content\/uploads\/2023\/10\/book-club-aut-2023-v2.pdf\"><strong>Scarica a questo link la locandina con il programma<\/strong><\/a><\/p>\n<p>&nbsp;<\/p>\n<p>20 settembre e 4 ottobre 2023<\/p>\n<p><strong>Maria Grazia Calandrone<\/strong>,\u00a0<em>Dove non mi hai portata<\/em>, Einaudi, 2022<\/p>\n<p>&nbsp;<\/p>\n<p>18 ottobre e 1 novembre 2023<\/p>\n<p><strong>Gabriella Kuruvilla<\/strong>,\u00a0<em>Maneggiare con cura<\/em>, Morellini, 2020<\/p>\n<p>&nbsp;<\/p>\n<p>29 novembre e 13 dicembre 2023<\/p>\n<p><strong>Ada d&#8217;Adamo<\/strong>,\u00a0<em>Come d&#8217;aria<\/em>, Elliot, 2023<\/p>\n<p>&nbsp;<\/p>\n<p>10 gennaio e 24 gennaio 2024<\/p>\n<p><strong>Beatrice Salvioni<\/strong>,\u00a0<em>La malnata<\/em>, Einaudi, 2023<\/p>\n<p>&nbsp;<\/p>\n<p><img loading=\"lazy\" decoding=\"async\" class=\"alignnone size-medium wp-image-2378 img-fluid\" src=\"https:\/\/iicdublino.esteri.it\/wp-content\/uploads\/2023\/10\/book-club-aut-2023-211x300.jpg\" alt=\"\" width=\"211\" height=\"300\" srcset=\"https:\/\/iicdublino.esteri.it\/wp-content\/uploads\/2023\/10\/book-club-aut-2023-211x300.jpg 211w, https:\/\/iicdublino.esteri.it\/wp-content\/uploads\/2023\/10\/book-club-aut-2023.jpg 559w\" sizes=\"auto, (max-width: 211px) 100vw, 211px\" \/><\/p>\n","protected":false},"excerpt":{"rendered":"4Coordinato da Enrica Maria Ferrara, l&#8217;Italian Book Club\u00a0guider\u00e0 i partecipanti nella lettura e analisi di 4 libri di autori italiani. Nel primo incontro, il coordinatore introdurr\u00e0 il libro e fornir\u00e0 alcune informazioni sul suo autore. Poi, ogni partecipante avr\u00e0 la possibilit\u00e0 di leggere ad alta voce alcuni passaggi selezionati. Durante la lettura, il coordinatore evidenzier\u00e0 [&hellip;]","protected":false},"author":3,"featured_media":2378,"parent":2364,"menu_order":4,"comment_status":"closed","ping_status":"closed","template":"","meta":{"footnotes":""},"class_list":["post-2375","page","type-page","status-publish","has-post-thumbnail","hentry"],"_links":{"self":[{"href":"https:\/\/iicdublino.esteri.it\/it\/wp-json\/wp\/v2\/pages\/2375","targetHints":{"allow":["GET"]}}],"collection":[{"href":"https:\/\/iicdublino.esteri.it\/it\/wp-json\/wp\/v2\/pages"}],"about":[{"href":"https:\/\/iicdublino.esteri.it\/it\/wp-json\/wp\/v2\/types\/page"}],"author":[{"embeddable":true,"href":"https:\/\/iicdublino.esteri.it\/it\/wp-json\/wp\/v2\/users\/3"}],"replies":[{"embeddable":true,"href":"https:\/\/iicdublino.esteri.it\/it\/wp-json\/wp\/v2\/comments?post=2375"}],"version-history":[{"count":6,"href":"https:\/\/iicdublino.esteri.it\/it\/wp-json\/wp\/v2\/pages\/2375\/revisions"}],"predecessor-version":[{"id":15734,"href":"https:\/\/iicdublino.esteri.it\/it\/wp-json\/wp\/v2\/pages\/2375\/revisions\/15734"}],"up":[{"embeddable":true,"href":"https:\/\/iicdublino.esteri.it\/it\/wp-json\/wp\/v2\/pages\/2364"}],"wp:featuredmedia":[{"embeddable":true,"href":"https:\/\/iicdublino.esteri.it\/it\/wp-json\/wp\/v2\/media\/2378"}],"wp:attachment":[{"href":"https:\/\/iicdublino.esteri.it\/it\/wp-json\/wp\/v2\/media?parent=2375"}],"curies":[{"name":"wp","href":"https:\/\/api.w.org\/{rel}","templated":true}]}}