{"id":2618,"date":"2023-10-26T20:19:38","date_gmt":"2023-10-26T18:19:38","guid":{"rendered":"https:\/\/iicdublino.esteri.it\/?page_id=2618"},"modified":"2024-07-09T13:47:39","modified_gmt":"2024-07-09T11:47:39","slug":"test-di-livello","status":"publish","type":"page","link":"https:\/\/iicdublino.esteri.it\/it\/lingua-e-cultura\/i-corsi-di-lingua\/test-di-livello\/","title":{"rendered":"Test di livello"},"content":{"rendered":"<p>\u00c8 possibile scaricare dei test di livello ai seguenti link.<\/p>\n<p><a href=\"https:\/\/iicdublino.esteri.it\/wp-content\/uploads\/2023\/10\/A1_chiaroa1__testlivello.pdf\">A1<\/a><\/p>\n<p><a href=\"https:\/\/iicdublino.esteri.it\/wp-content\/uploads\/2023\/10\/A2_chiaroa2__testlivello.pdf\">A2<\/a><\/p>\n<p><a href=\"https:\/\/iicdublino.esteri.it\/wp-content\/uploads\/2023\/10\/B1_chiarob1_test.pdf\">B1<\/a><\/p>\n<p>&nbsp;<\/p>\n<p>Una volta completato il test, si prega di inviarne una copia via email a <a href=\"mailto:classes.iicdublino@esteri.it\">classes.iicdublino@esteri.it<\/a><\/p>\n<p>La segreteria corsi controller\u00e0 il test e vi consiglier\u00e0 il livello pi\u00f9 adatto.<\/p>\n<p>Potrebbe essere necessario anche svolgere un test di livello orale tramite conversazione telefonica o via Zoom.<\/p>\n<p>&nbsp;<\/p>\n","protected":false},"excerpt":{"rendered":"\u00c8 possibile scaricare dei test di livello ai seguenti link. A1 A2 B1 &nbsp; Una volta completato il test, si prega di inviarne una copia via email a classes.iicdublino@esteri.it La segreteria corsi controller\u00e0 il test e vi consiglier\u00e0 il livello pi\u00f9 adatto. Potrebbe essere necessario anche svolgere un test di livello orale tramite conversazione telefonica [&hellip;]","protected":false},"author":3,"featured_media":0,"parent":42,"menu_order":4,"comment_status":"closed","ping_status":"closed","template":"","meta":{"footnotes":""},"class_list":["post-2618","page","type-page","status-publish","hentry"],"_links":{"self":[{"href":"https:\/\/iicdublino.esteri.it\/it\/wp-json\/wp\/v2\/pages\/2618","targetHints":{"allow":["GET"]}}],"collection":[{"href":"https:\/\/iicdublino.esteri.it\/it\/wp-json\/wp\/v2\/pages"}],"about":[{"href":"https:\/\/iicdublino.esteri.it\/it\/wp-json\/wp\/v2\/types\/page"}],"author":[{"embeddable":true,"href":"https:\/\/iicdublino.esteri.it\/it\/wp-json\/wp\/v2\/users\/3"}],"replies":[{"embeddable":true,"href":"https:\/\/iicdublino.esteri.it\/it\/wp-json\/wp\/v2\/comments?post=2618"}],"version-history":[{"count":3,"href":"https:\/\/iicdublino.esteri.it\/it\/wp-json\/wp\/v2\/pages\/2618\/revisions"}],"predecessor-version":[{"id":2625,"href":"https:\/\/iicdublino.esteri.it\/it\/wp-json\/wp\/v2\/pages\/2618\/revisions\/2625"}],"up":[{"embeddable":true,"href":"https:\/\/iicdublino.esteri.it\/it\/wp-json\/wp\/v2\/pages\/42"}],"wp:attachment":[{"href":"https:\/\/iicdublino.esteri.it\/it\/wp-json\/wp\/v2\/media?parent=2618"}],"curies":[{"name":"wp","href":"https:\/\/api.w.org\/{rel}","templated":true}]}}