{"id":3462,"date":"2023-12-19T14:13:59","date_gmt":"2023-12-19T13:13:59","guid":{"rendered":"https:\/\/iicdublino.esteri.it\/?page_id=3462"},"modified":"2025-07-30T12:46:36","modified_gmt":"2025-07-30T10:46:36","slug":"the-italian-book-club-spr-2023-2","status":"publish","type":"page","link":"https:\/\/iicdublino.esteri.it\/it\/lingua-e-cultura\/i-corsi-di-lingua\/sessioni-term-passati\/the-italian-book-club\/the-italian-book-club-spr-2023-2\/","title":{"rendered":"The Italian Book Club SPR 2024"},"content":{"rendered":"<p><img loading=\"lazy\" decoding=\"async\" class=\"img-fluid aligncenter wp-image-3525 size-large\" src=\"https:\/\/iicdublino.esteri.it\/wp-content\/uploads\/2023\/12\/BOOK-CLUB-A4-PNG-1-724x1024.png\" alt=\"\" width=\"640\" height=\"905\" srcset=\"https:\/\/iicdublino.esteri.it\/wp-content\/uploads\/2023\/12\/BOOK-CLUB-A4-PNG-1-724x1024.png 724w, https:\/\/iicdublino.esteri.it\/wp-content\/uploads\/2023\/12\/BOOK-CLUB-A4-PNG-1-212x300.png 212w, https:\/\/iicdublino.esteri.it\/wp-content\/uploads\/2023\/12\/BOOK-CLUB-A4-PNG-1-768x1086.png 768w, https:\/\/iicdublino.esteri.it\/wp-content\/uploads\/2023\/12\/BOOK-CLUB-A4-PNG-1.png 1414w\" sizes=\"auto, (max-width: 640px) 100vw, 640px\" \/><\/p>\n<p>&nbsp;<\/p>\n<p>Coordinato da\u00a0<strong>Enrica Maria Ferrara<\/strong>, l\u2019<strong>Italian Book Club<\/strong> guider\u00e0 i partecipanti nella lettura e analisi di tre libri di autori italiani.<\/p>\n<p>Nel <strong>primo incontro<\/strong>, il coordinatore introdurr\u00e0 il libro e fornir\u00e0 alcune informazioni sul suo autore. Poi, ogni partecipante avr\u00e0 la possibilit\u00e0 di leggere ad alta voce alcuni passaggi selezionati. Durante la lettura, il coordinatore evidenzier\u00e0 e spiegher\u00e0 aspetti grammaticali del libro preso in esame, la sua struttuta linguistica e lessicale. A questo punto, i partecipanti saranno incoraggiati a fare domande sui punti del libro che hanno trovato pi\u00f9 interessanti nella lettura.<\/p>\n<p>Nel <strong>secondo incontro<\/strong>, ogni partecipante verr\u00e0 incoraggiato a discutere del libro e il coordinatore guider\u00e0 la conversazione ponendo domande sui personaggi, sullo stile dell\u2019autore, sulla trama e infine sul significato dell\u2019intero libro.<\/p>\n<p>Il Book Club \u00e8 strutturato in <strong>6 incontri<\/strong> di due ore ciascuno, per un totale di <strong>12 ore<\/strong>.<\/p>\n<p>Le classi avranno un minimo di 6 ad un massimo di 16 studenti. <strong>Gli incontri saranno dal vivo<\/strong>, presso i locali dell\u2019Istituto, di mercoled\u00ec dalle 18:30 alle 20:30, tra il 7 febbraio e il 15 maggio 2024. A seguire trovate il programma completo del corso.<\/p>\n<p><strong>Incontri con uno o pi\u00f9 scrittori i cui libri sono stati selezionati per il Club del Libro saranno organizzati dall\u2019Istituto Italiano di Cultura.<\/strong><\/p>\n<p>&nbsp;<\/p>\n<p>Nuovi partecipanti:\u00a0<strong>\u20ac160<\/strong>.<br \/>\n<strong>10% di sconto per ex-partecipanti, studenti dell\u2019IIC, studenti a tempo pieno e pensionati.<\/strong><\/p>\n<p><strong>Iscrizioni aperte dall&#8217;8 al 26 gennaio 2024.\u00a0<\/strong><\/p>\n<p>&nbsp;<\/p>\n<p><strong>The Italian Book Club <span style=\"color: #333333;\">SPRING 2024 &#8211; Programma di libri e autori\u00a0<\/span><\/strong><\/p>\n<p><em>Tutti gli incontri si svolgeranno dalle 18:30 alle 20:30, nelle date specificate<\/em><\/p>\n<p>&nbsp;<\/p>\n<p><span style=\"color: #333333;\">7 e 21 febbraio 2024<\/span><\/p>\n<p><span style=\"color: #333333;\"><strong>Paolo Di Paolo<\/strong>, <em>Romanzo senza umani<\/em>, Feltrinelli, 2023<\/span><\/p>\n<p>&nbsp;<\/p>\n<p><span style=\"color: #333333;\">13 marzo e 17 aprile 2024<\/span><\/p>\n<p><span style=\"color: #333333;\"><strong>Jhumpa Lahiri, <\/strong><em>Racconti romani<\/em>, Guanda, 2022<\/span><\/p>\n<p>&nbsp;<\/p>\n<p><span style=\"color: #333333;\">1 e 15 maggio 2024<\/span><\/p>\n<p><span style=\"color: #333333;\"><strong>Paolo Cognetti<\/strong>, <em>Gi\u00f9 nella valle<\/em>, Einaudi, 2023\u00a0<\/span><\/p>\n","protected":false},"excerpt":{"rendered":"&nbsp; Coordinato da\u00a0Enrica Maria Ferrara, l\u2019Italian Book Club guider\u00e0 i partecipanti nella lettura e analisi di tre libri di autori italiani. Nel primo incontro, il coordinatore introdurr\u00e0 il libro e fornir\u00e0 alcune informazioni sul suo autore. Poi, ogni partecipante avr\u00e0 la possibilit\u00e0 di leggere ad alta voce alcuni passaggi selezionati. Durante la lettura, il coordinatore [&hellip;]","protected":false},"author":3,"featured_media":3525,"parent":2364,"menu_order":3,"comment_status":"closed","ping_status":"closed","template":"","meta":{"footnotes":""},"class_list":["post-3462","page","type-page","status-publish","has-post-thumbnail","hentry"],"_links":{"self":[{"href":"https:\/\/iicdublino.esteri.it\/it\/wp-json\/wp\/v2\/pages\/3462","targetHints":{"allow":["GET"]}}],"collection":[{"href":"https:\/\/iicdublino.esteri.it\/it\/wp-json\/wp\/v2\/pages"}],"about":[{"href":"https:\/\/iicdublino.esteri.it\/it\/wp-json\/wp\/v2\/types\/page"}],"author":[{"embeddable":true,"href":"https:\/\/iicdublino.esteri.it\/it\/wp-json\/wp\/v2\/users\/3"}],"replies":[{"embeddable":true,"href":"https:\/\/iicdublino.esteri.it\/it\/wp-json\/wp\/v2\/comments?post=3462"}],"version-history":[{"count":6,"href":"https:\/\/iicdublino.esteri.it\/it\/wp-json\/wp\/v2\/pages\/3462\/revisions"}],"predecessor-version":[{"id":3528,"href":"https:\/\/iicdublino.esteri.it\/it\/wp-json\/wp\/v2\/pages\/3462\/revisions\/3528"}],"up":[{"embeddable":true,"href":"https:\/\/iicdublino.esteri.it\/it\/wp-json\/wp\/v2\/pages\/2364"}],"wp:featuredmedia":[{"embeddable":true,"href":"https:\/\/iicdublino.esteri.it\/it\/wp-json\/wp\/v2\/media\/3525"}],"wp:attachment":[{"href":"https:\/\/iicdublino.esteri.it\/it\/wp-json\/wp\/v2\/media?parent=3462"}],"curies":[{"name":"wp","href":"https:\/\/api.w.org\/{rel}","templated":true}]}}