{"id":42,"date":"2023-04-03T20:55:37","date_gmt":"2023-04-03T18:55:37","guid":{"rendered":"https:\/\/istitutobuenosaires.esteri.it\/?page_id=42"},"modified":"2025-12-01T18:10:18","modified_gmt":"2025-12-01T17:10:18","slug":"i-corsi-di-lingua","status":"publish","type":"page","link":"https:\/\/iicdublino.esteri.it\/it\/lingua-e-cultura\/i-corsi-di-lingua\/","title":{"rendered":"I corsi di lingua"},"content":{"rendered":"<h1>I NOSTRI CORSI DI LINGUA<\/h1>\n<p>&nbsp;<\/p>\n<h4><a href=\"https:\/\/iicdublino.esteri.it\/it\/lingua-e-cultura\/i-corsi-di-lingua\/on-site-online-courses-spring-2026-term\/\"><strong>CLICCA QUI PER SCOPRIRE LA NOSTRA OFFERTA DI CORSI DI LINGUA PER LA PRIMAVERA 2026<\/strong><\/a><\/h4>\n<p>IMPORTANTE: IL NOSTRO PROSSIMO SEMESTRE DI CORSI DI LINGUA ITALIANA (PRIMAVERA 2026) INIZIER\u00c0 ALLA FINE DI GENNAIO 2026 E LE ISCRIZIONI APRIRANNO A MET\u00c0 DICEMBRE 2025. MAGGIORI INFORMAZIONI SARANNO PUBBLICATE SUL NOSTRO SITO A INIZIO DICEMBRE.<\/p>\n<p>I nostri corsi vi aiuteranno gradualmente e in maniera strutturata a sviluppare varie competenze linguistiche tra le quali ascolto, lettura, produzione orale e produzione scritta. I nostri docenti sono laureati di madre lingua italiana, esperti e qualificati all\u2019insegnamento dell\u2019italiano come lingua straniera. Ci auguriamo che oltre ad imparare la lingua italiana prenderete parte alle nostre attivit\u00e0 culturali e alla promozione della cultura italiana. Il nostro programma di eventi include conferenze, concerti, seminari e mostre che, quando possibile, sono a ingresso libero. La nostra priorit\u00e0 \u00e8 offrire ai nostri studenti la possibilit\u00e0 di continuare con le loro classi.<\/p>\n<p>I nostri corsi sono strutturati per livelli secondo il Quadro Comune Europeo di riferimento per la conoscenza delle lingue (QCER).<\/p>\n<p>Il livello A1.1 \u00e8 per principianti assoluti o per studenti con una conoscenza estremamente limitata della lingua italiana.<\/p>\n<p>I nostri corsi sono strutturati in modo da accompagnare gli studenti in un percorso dalla A alla Z nello studio della lingua italiana, fino al raggiungimento del livello richiesto per l\u2019accesso alle universit\u00e0 italiane.<\/p>\n<p>Alla fine del corso gli studenti potranno decidere se continuare e passare al livello seguente o consolidare le conoscenze gi\u00e0 acquisite. Questo sistema rende l\u2019esperienza didattica pi\u00f9 flessibile e permette agli studenti di fare un\u2019autovalutazione dei propri progressi.<\/p>\n","protected":false},"excerpt":{"rendered":"I NOSTRI CORSI DI LINGUA &nbsp; CLICCA QUI PER SCOPRIRE LA NOSTRA OFFERTA DI CORSI DI LINGUA PER LA PRIMAVERA 2026 IMPORTANTE: IL NOSTRO PROSSIMO SEMESTRE DI CORSI DI LINGUA ITALIANA (PRIMAVERA 2026) INIZIER\u00c0 ALLA FINE DI GENNAIO 2026 E LE ISCRIZIONI APRIRANNO A MET\u00c0 DICEMBRE 2025. MAGGIORI INFORMAZIONI SARANNO PUBBLICATE SUL NOSTRO SITO A [&hellip;]","protected":false},"author":1,"featured_media":0,"parent":16,"menu_order":0,"comment_status":"closed","ping_status":"closed","template":"","meta":{"footnotes":""},"class_list":["post-42","page","type-page","status-publish","hentry"],"_links":{"self":[{"href":"https:\/\/iicdublino.esteri.it\/it\/wp-json\/wp\/v2\/pages\/42","targetHints":{"allow":["GET"]}}],"collection":[{"href":"https:\/\/iicdublino.esteri.it\/it\/wp-json\/wp\/v2\/pages"}],"about":[{"href":"https:\/\/iicdublino.esteri.it\/it\/wp-json\/wp\/v2\/types\/page"}],"author":[{"embeddable":true,"href":"https:\/\/iicdublino.esteri.it\/it\/wp-json\/wp\/v2\/users\/1"}],"replies":[{"embeddable":true,"href":"https:\/\/iicdublino.esteri.it\/it\/wp-json\/wp\/v2\/comments?post=42"}],"version-history":[{"count":8,"href":"https:\/\/iicdublino.esteri.it\/it\/wp-json\/wp\/v2\/pages\/42\/revisions"}],"predecessor-version":[{"id":18194,"href":"https:\/\/iicdublino.esteri.it\/it\/wp-json\/wp\/v2\/pages\/42\/revisions\/18194"}],"up":[{"embeddable":true,"href":"https:\/\/iicdublino.esteri.it\/it\/wp-json\/wp\/v2\/pages\/16"}],"wp:attachment":[{"href":"https:\/\/iicdublino.esteri.it\/it\/wp-json\/wp\/v2\/media?parent=42"}],"curies":[{"name":"wp","href":"https:\/\/api.w.org\/{rel}","templated":true}]}}