{"id":45,"date":"2023-04-03T20:56:23","date_gmt":"2023-04-03T18:56:23","guid":{"rendered":"https:\/\/istitutobuenosaires.esteri.it\/?page_id=45"},"modified":"2026-02-26T15:45:11","modified_gmt":"2026-02-26T14:45:11","slug":"studiare-in-italia","status":"publish","type":"page","link":"https:\/\/iicdublino.esteri.it\/it\/lingua-e-cultura\/studiare-in-italia\/","title":{"rendered":"Studiare in Italia"},"content":{"rendered":"<p><strong>UNIVERSIT\u00c0<\/strong><\/p>\n<p><strong>Informazioni per gli studenti stranieri su come iscriversi alle universit\u00e0 italiane<br \/>\n<\/strong><\/p>\n<p>Tutte le informazioni e i moduli di iscrizione relativi ai corsi universitari italiani sono disponibili sul seguente sito web: <strong><a href=\"http:\/\/www.universitaly.it\">www.universitaly.it<\/a><\/strong><\/p>\n<p>Informazioni generali sulla struttura e l&#8217;organizzazione delle universit\u00e0 italiane sono reperibili sul sito del <a href=\"http:\/\/www.miur.it\/\">MUR<\/a> (Ministero dell&#8217;Universit\u00e0 e della Ricerca).<\/p>\n<p>Stai pensando di frequentare un&#8217;universit\u00e0 italiana? Il primo passo dovrebbe essere quello di visitare questo sito web:\u00a0 <a href=\"https:\/\/studyinitaly.esteri.it\/\">www.studyinitaly.esteri.it<\/a><a href=\"..\/..\/..\/..\/en\/home_borse\"><br \/>\n<\/a><\/p>\n<p>L&#8217;elenco completo degli atenei \u00e8 consultabile attraverso:<\/p>\n<ul>\n<li>Il motore di ricerca del <a href=\"http:\/\/cercauniversita.cineca.it\/index.php?module=strutture&amp;page=StructureSearchParams&amp;advanced_serch=1\">MUR<\/a><\/li>\n<li>La pagina della fondazione <a href=\"https:\/\/www.crui.it\/atenei-e-rettori-crui.html\">CRUI<\/a><\/li>\n<\/ul>\n<p>Informazioni utili sull ricerca di alloggio sono disponibili su questo sito: <a href=\"https:\/\/www.camplus.it\/en\/\">Camplus &#8211; University Residences, Colleges of Excellence and Apartments<\/a><\/p>\n<hr \/>\n<h3 class=\"entry-title h3\"><a href=\"https:\/\/www.esteri.it\/it\/servizi-opportunita\/opportunita\/borse-di-studio\/per-cittadini-stranieri\/borsestudio_stranieri\/\">Borse di studio offerte dal Governo italiano a studenti stranieri e italiani residenti all\u2019estero<\/a><\/h3>\n<hr \/>\n<h3 class=\"entry-title h3\"><a href=\"https:\/\/www.esteri.it\/it\/servizi-opportunita\/opportunita\/borse-di-studio\/per-cittadini-stranieri\/borse-di-studio-offerte-dalle-universita\/\">Borse di Studio offerte dalle Universit\u00e0<\/a><\/h3>\n<hr \/>\n<p>&nbsp;<\/p>\n<p><strong>SCUOLE<\/strong><\/p>\n<p>Informazioni generali sul sistema scolastico italiano sono reperibili sul sito del <a href=\"https:\/\/www.miur.gov.it\/\">MIUR<\/a> (Ministero dell&#8217;Istruzione e del Merito)<\/p>\n<p>&nbsp;<\/p>\n<p><strong>EDUITALIA<\/strong><\/p>\n<p>Eduitalia \u00e8 un&#8217;Associazione di Scuole, Accademie e Universit\u00e0 di lingua italiana qualificata che offre corsi a studenti stranieri.<\/p>\n<p>Le Scuole, le Accademie e le Universit\u00e0 aderenti a Eduitalia offrono una variet\u00e0 di corsi nelle citt\u00e0 e nelle regioni pi\u00f9 belle d&#8217;Italia. Molti di questi corsi sono tenuti anche in inglese.<\/p>\n<p>Maggiori informazioni su questa iniziativa sono disponibili sul <a href=\"https:\/\/eduitalia.org\/\">sito ufficiale<\/a>.<\/p>\n","protected":false},"excerpt":{"rendered":"UNIVERSIT\u00c0 Informazioni per gli studenti stranieri su come iscriversi alle universit\u00e0 italiane Tutte le informazioni e i moduli di iscrizione relativi ai corsi universitari italiani sono disponibili sul seguente sito web: www.universitaly.it Informazioni generali sulla struttura e l&#8217;organizzazione delle universit\u00e0 italiane sono reperibili sul sito del MUR (Ministero dell&#8217;Universit\u00e0 e della Ricerca). Stai pensando di [&hellip;]","protected":false},"author":1,"featured_media":0,"parent":16,"menu_order":8,"comment_status":"closed","ping_status":"closed","template":"","meta":{"footnotes":""},"class_list":["post-45","page","type-page","status-publish","hentry"],"_links":{"self":[{"href":"https:\/\/iicdublino.esteri.it\/it\/wp-json\/wp\/v2\/pages\/45","targetHints":{"allow":["GET"]}}],"collection":[{"href":"https:\/\/iicdublino.esteri.it\/it\/wp-json\/wp\/v2\/pages"}],"about":[{"href":"https:\/\/iicdublino.esteri.it\/it\/wp-json\/wp\/v2\/types\/page"}],"author":[{"embeddable":true,"href":"https:\/\/iicdublino.esteri.it\/it\/wp-json\/wp\/v2\/users\/1"}],"replies":[{"embeddable":true,"href":"https:\/\/iicdublino.esteri.it\/it\/wp-json\/wp\/v2\/comments?post=45"}],"version-history":[{"count":3,"href":"https:\/\/iicdublino.esteri.it\/it\/wp-json\/wp\/v2\/pages\/45\/revisions"}],"predecessor-version":[{"id":19381,"href":"https:\/\/iicdublino.esteri.it\/it\/wp-json\/wp\/v2\/pages\/45\/revisions\/19381"}],"up":[{"embeddable":true,"href":"https:\/\/iicdublino.esteri.it\/it\/wp-json\/wp\/v2\/pages\/16"}],"wp:attachment":[{"href":"https:\/\/iicdublino.esteri.it\/it\/wp-json\/wp\/v2\/media?parent=45"}],"curies":[{"name":"wp","href":"https:\/\/api.w.org\/{rel}","templated":true}]}}