{"id":7448,"date":"2024-07-05T15:07:04","date_gmt":"2024-07-05T13:07:04","guid":{"rendered":"https:\/\/iicdublino.esteri.it\/?page_id=7448"},"modified":"2025-06-05T12:08:59","modified_gmt":"2025-06-05T10:08:59","slug":"the-italian-book-club-aut-2024","status":"publish","type":"page","link":"https:\/\/iicdublino.esteri.it\/it\/lingua-e-cultura\/i-corsi-di-lingua\/sessioni-term-passati\/the-italian-book-club\/the-italian-book-club-aut-2024\/","title":{"rendered":"The Italian Book Club AUT 2024"},"content":{"rendered":"<p><img loading=\"lazy\" decoding=\"async\" class=\"img-fluid aligncenter wp-image-7479 size-large\" src=\"https:\/\/iicdublino.esteri.it\/wp-content\/uploads\/2024\/07\/BOOK-CLUB-AUT-2024-724x1024.png\" alt=\"\" width=\"640\" height=\"905\" srcset=\"https:\/\/iicdublino.esteri.it\/wp-content\/uploads\/2024\/07\/BOOK-CLUB-AUT-2024-724x1024.png 724w, https:\/\/iicdublino.esteri.it\/wp-content\/uploads\/2024\/07\/BOOK-CLUB-AUT-2024-212x300.png 212w, https:\/\/iicdublino.esteri.it\/wp-content\/uploads\/2024\/07\/BOOK-CLUB-AUT-2024-768x1086.png 768w, https:\/\/iicdublino.esteri.it\/wp-content\/uploads\/2024\/07\/BOOK-CLUB-AUT-2024.png 1414w\" sizes=\"auto, (max-width: 640px) 100vw, 640px\" \/><\/p>\n<p>Coordinato da <strong>Enrica Maria Ferrara<\/strong>, l\u2019<strong>Italian Book Club<\/strong>\u00a0guider\u00e0 i partecipanti nella lettura e analisi di tre libri di autori italiani.<\/p>\n<p>Nel\u00a0<strong>primo incontro<\/strong>, il coordinatore introdurr\u00e0 il libro e fornir\u00e0 alcune informazioni sul suo autore. Poi, ogni partecipante avr\u00e0 la possibilit\u00e0 di leggere ad alta voce alcuni passaggi selezionati. Durante la lettura, il coordinatore evidenzier\u00e0 e spiegher\u00e0 aspetti grammaticali del libro preso in esame, la sua struttura linguistica e lessicale. I partecipanti saranno incoraggiati a fare domande sui punti del libro che hanno trovato pi\u00f9 interessanti nella lettura.<\/p>\n<p>Nel\u00a0<strong>secondo incontro<\/strong>, ogni partecipante verr\u00e0 incoraggiato a discutere del libro e il coordinatore guider\u00e0 la conversazione ponendo domande sui personaggi, sullo stile dell\u2019autore, sulla trama e infine sul significato dell\u2019intero libro.<\/p>\n<p>Il Book Club \u00e8 strutturato in <strong>8\u00a0incontri<\/strong>\u00a0di due ore ciascuno, per un totale di\u00a0<strong>16 ore<\/strong>.<\/p>\n<p>Le classi avranno un minimo di 6 ad un massimo di 16 studenti.\u00a0<strong>Gli incontri saranno dal vivo<\/strong>, presso i locali dell\u2019Istituto, di mercoled\u00ec dalle 18:30 alle 20:30, tra il 18 settembre 2024 e il 22 gennaio 2025. A seguire trovate il programma completo del corso.<\/p>\n<p><strong>Incontri con uno o pi\u00f9 scrittori i cui libri sono stati selezionati per il Club del Libro saranno organizzati dall\u2019Istituto Italiano di Cultura.<\/strong><\/p>\n<p>&nbsp;<\/p>\n<p>Nuovi partecipanti:\u00a0<strong>\u20ac200<\/strong>.<br \/>\n<strong>10% di sconto per ex-partecipanti, studenti dell\u2019IIC, studenti a tempo pieno e pensionati.<\/strong><\/p>\n<p><strong>Iscrizioni aperte dal 1 agosto al 5 settembre 2024.\u00a0<\/strong><\/p>\n<p>&nbsp;<\/p>\n<p><strong>The Italian Book Club AUTUMN 2024 \u2013 Programma di libri e autori\u00a0<\/strong><\/p>\n<p><em>Tutti gli incontri si svolgeranno dalle 18:30 alle 20:30, nelle date specificate<\/em><\/p>\n<p>&nbsp;<\/p>\n<p><span style=\"text-decoration: underline;\"><strong>PROGRAMME<\/strong><\/span><\/p>\n<p>18 settembre e 9 ottobre 2024<\/p>\n<p><strong>Laura Imai Messina<\/strong>, <em>L&#8217;isola dei battiti del cuore<\/em>, Piemme (2022)<\/p>\n<p>&nbsp;<\/p>\n<p>30 ottobre e 20 novembre 2024<\/p>\n<p><strong>Francesca Marone, <\/strong><em>Le pentite<\/em>, Les Flaneurs Edizioni (2023)<em>\u00a0<\/em><\/p>\n<p>&nbsp;<\/p>\n<p>4 e 18 dicembre\u00a02024<\/p>\n<p><strong>Domenico Starnone<\/strong>, <em>Il vecchio al mare<\/em>, Einaudi (2024)<\/p>\n<p>&nbsp;<\/p>\n<p>8 e 22 gennaio 2025<\/p>\n<p><strong>Dario Voltolini<\/strong>,\u00a0<em>Invernale<\/em>, La Nave di Teseo (2024)<\/p>\n<hr \/>\n<p>&nbsp;<\/p>\n<p style=\"text-align: center;\"><strong>ENROLMENT DETAILS<\/strong><\/p>\n<p style=\"text-align: center;\"><strong>Enrolments open from 1st August to 5th September 2024 &#8211; NOW CLOSED<\/strong><\/p>\n<p style=\"text-align: center;\">Enrolments and payments\u00a0<strong>online<\/strong>\u00a0only.<\/p>\n<p style=\"text-align: center;\">Please note that the \u201cGuest\u201d option is available only for employees of other cultural institutes and documentation in support needs to be provided.<\/p>\n<p style=\"text-align: center;\">Before enrolling, please make sure you have read our\u00a0<a href=\"https:\/\/iicdublino.esteri.it\/en\/lingua-e-cultura\/i-corsi-di-lingua\/term-conditions\/\">Terms and Conditions<\/a>.<\/p>\n","protected":false},"excerpt":{"rendered":"Coordinato da Enrica Maria Ferrara, l\u2019Italian Book Club\u00a0guider\u00e0 i partecipanti nella lettura e analisi di tre libri di autori italiani. Nel\u00a0primo incontro, il coordinatore introdurr\u00e0 il libro e fornir\u00e0 alcune informazioni sul suo autore. Poi, ogni partecipante avr\u00e0 la possibilit\u00e0 di leggere ad alta voce alcuni passaggi selezionati. Durante la lettura, il coordinatore evidenzier\u00e0 e [&hellip;]","protected":false},"author":3,"featured_media":7479,"parent":2364,"menu_order":2,"comment_status":"closed","ping_status":"closed","template":"","meta":{"footnotes":""},"class_list":["post-7448","page","type-page","status-publish","has-post-thumbnail","hentry"],"_links":{"self":[{"href":"https:\/\/iicdublino.esteri.it\/it\/wp-json\/wp\/v2\/pages\/7448","targetHints":{"allow":["GET"]}}],"collection":[{"href":"https:\/\/iicdublino.esteri.it\/it\/wp-json\/wp\/v2\/pages"}],"about":[{"href":"https:\/\/iicdublino.esteri.it\/it\/wp-json\/wp\/v2\/types\/page"}],"author":[{"embeddable":true,"href":"https:\/\/iicdublino.esteri.it\/it\/wp-json\/wp\/v2\/users\/3"}],"replies":[{"embeddable":true,"href":"https:\/\/iicdublino.esteri.it\/it\/wp-json\/wp\/v2\/comments?post=7448"}],"version-history":[{"count":5,"href":"https:\/\/iicdublino.esteri.it\/it\/wp-json\/wp\/v2\/pages\/7448\/revisions"}],"predecessor-version":[{"id":8531,"href":"https:\/\/iicdublino.esteri.it\/it\/wp-json\/wp\/v2\/pages\/7448\/revisions\/8531"}],"up":[{"embeddable":true,"href":"https:\/\/iicdublino.esteri.it\/it\/wp-json\/wp\/v2\/pages\/2364"}],"wp:featuredmedia":[{"embeddable":true,"href":"https:\/\/iicdublino.esteri.it\/it\/wp-json\/wp\/v2\/media\/7479"}],"wp:attachment":[{"href":"https:\/\/iicdublino.esteri.it\/it\/wp-json\/wp\/v2\/media?parent=7448"}],"curies":[{"name":"wp","href":"https:\/\/api.w.org\/{rel}","templated":true}]}}